{"id":298,"date":"2023-04-12T23:47:04","date_gmt":"2023-04-12T23:47:04","guid":{"rendered":"https:\/\/photo-db.ch\/?page_id=298"},"modified":"2023-10-17T22:54:22","modified_gmt":"2023-10-17T22:54:22","slug":"privacy-policy","status":"publish","type":"page","link":"https:\/\/photo-db.ch\/de\/privacy-policy\/","title":{"rendered":"Privacy policy"},"content":{"rendered":"<div data-elementor-type=\"wp-page\" data-elementor-id=\"298\" class=\"elementor elementor-298\" data-elementor-post-type=\"page\">\n\t\t\t\t<div class=\"elementor-element elementor-element-7e38f78 e-flex e-con-boxed e-con e-parent\" data-id=\"7e38f78\" data-element_type=\"container\" data-e-type=\"container\">\n\t\t\t\t\t<div class=\"e-con-inner\">\n\t\t\t\t<div class=\"elementor-element elementor-element-3263b84 elementor-widget elementor-widget-heading\" data-id=\"3263b84\" data-element_type=\"widget\" data-e-type=\"widget\" data-widget_type=\"heading.default\">\n\t\t\t\t<div class=\"elementor-widget-container\">\n\t\t\t\t\t<h2 class=\"elementor-heading-title elementor-size-default\">Datenschutzerkl\u00e4rung<\/h2>\t\t\t\t<\/div>\n\t\t\t\t<\/div>\n\t\t\t\t<div class=\"elementor-element elementor-element-05e8d3c elementor-widget elementor-widget-text-editor\" data-id=\"05e8d3c\" data-element_type=\"widget\" data-e-type=\"widget\" data-widget_type=\"text-editor.default\">\n\t\t\t\t<div class=\"elementor-widget-container\">\n\t\t\t\t\t\t\t\t\t<p><strong>Codia GmbH<\/strong> (nachfolgend \u201ewir\u201c, \u201euns\u201c oder \u201eCodia\u201c) legt gro\u00dfen Wert auf den Schutz Ihrer pers\u00f6nlichen Daten. Diese Datenschutzerkl\u00e4rung informiert Sie \u00fcber die Art, den Umfang und den Zweck der Verarbeitung von personenbezogenen Daten bei der Nutzung unserer Produkte photodb sowie der zugeh\u00f6rigen Websites, photodb.app und photo-db.ch (nachfolgend \u201eWebsites\u201c).<\/p><p><b>Data Controller<\/b><\/p><p>Codia GmbH<br \/>Ochsenwis 418<br \/>9656 Alt St. Johann<br \/>Schweiz<br \/>Email: info@codia.ch<br \/>Telefon: +41 76 409 18 79<\/p><p>Datenschutzbeauftragter: Philipp Br\u00fcgger, philipp.bruegger@codia.ch<\/p><h2>Erfassung und Verarbeitung von Daten<\/h2><p>Bei der Registrierung erfassen wir folgende personenbezogene Daten:<\/p><p>Vorname<br \/>Nachname<br \/>E-Mail-Adresse<br \/>IBAN<br \/>Name des Bankkonto-Inhabers<br \/>PLZ des Bankkonto-Inhabers<br \/>Ort des Bankkonto-Inhabers<\/p><p>Die Verarbeitung dieser Daten erfolgt, um Sie zu kontaktieren, \u00fcber Verk\u00e4ufe zu informieren und die Einnahmen auf Ihr Bankkonto auszuzahlen. Mit der Registrierung auf photodb.app willigen Sie in die Verarbeitung dieser Daten ein.<\/p><h2>Daten\u00fcbertragung und Speicherung<\/h2><p>Ihre Daten werden auf Servern in Z\u00fcrich, Schweiz oder Frankfurt, Deutschland gespeichert. Daten k\u00f6nnen anonymisiert in andere L\u00e4nder \u00fcbertragen werden, wenn keine eindeutigen R\u00fcckschl\u00fcsse auf die Person mehr m\u00f6glich sind. Die \u00dcbertragung von Daten erfolgt nur verschl\u00fcsselt.<\/p><h2>Einsatz von Analyse- und Tracking-Tools<\/h2><p>Zur kontinuierlichen Verbesserung und Auswertung unserer Websites verwenden wir folgende Analyse- und Tracking-Tools:<\/p><p>&#8211; <strong>Google Analytics, Google Tag Manager, Hotjar, Microsoft Clarity, und Mixpanel<\/strong>Erfassung der Nutzungsdaten der Seite.<br \/>&#8211; <strong>Meta Pixel<\/strong>Tracking von Conversions von Facebook\/Meta-Werbeanzeigen.<br \/>&#8211; <strong>Google Fonts<\/strong>Einbindung von Schriftarten.<br \/>&#8211; <strong>Cloudflare DNS und CDN<\/strong>Schnelles Laden und Schutz der Webseite.<br \/>&#8211; <strong>WordPress mit Elementor<\/strong>Webseiten Erstellung.<br \/>&#8211; <strong>Sentry<\/strong>Auswertung von Fehlermeldungen, um die Funktionalit\u00e4t unserer Websites zu verbessern und zu gew\u00e4hrleisten.<\/p><p>Diese Tools verwenden Cookies, um nachzuvollziehen, wie photodb.app genutzt wird. Nutzer k\u00f6nnen sich direkt an den Datenschutzverantwortlichen wenden, um eine geeignete L\u00f6sung zu finden.<\/p><h2>Cookies und andere Tracking-Technologien<\/h2><p>Die oben genannten Tools verwenden Cookies, um die Nutzung von photodb.app zu analysieren.<\/p><h2>Datenweitergabe an Dritte<\/h2><p>Daten k\u00f6nnen an Dritte weitergegeben werden, beispielsweise um eine Auszahlung der Einnahmen des Nutzers zu t\u00e4tigen.<\/p><h2>Ihre Rechte<\/h2><p>Sie haben das Recht, jederzeit Auskunft \u00fcber Ihre gespeicherten personenbezogenen Daten zu erhalten, sowie das Recht auf Berichtigung, Daten\u00fcbertragbarkeit oder L\u00f6schung dieser Daten. Hierf\u00fcr sowie zu weiteren Fragen zum Thema personenbezogene Daten k\u00f6nnen Sie sich jederzeit unter der im Impressum angegebenen Adresse an uns oder den Datenschutzbeauftragten wenden.<\/p><h2>\u00c4nderungen der Datenschutzerkl\u00e4rung<\/h2><p>Wir behalten uns vor, diese Datenschutzerkl\u00e4rung anzupassen, damit sie stets den aktuellen rechtlichen Anforderungen entspricht oder um \u00c4nderungen unserer Dienste in der Datenschutzerkl\u00e4rung umzusetzen. F\u00fcr Ihren erneuten Besuch gilt dann die neue Datenschutzerkl\u00e4rung. Bei wesentlichen \u00c4nderungen werden wir Sie per E-Mail informieren.<\/p><h2>Kontakt<\/h2><p>Bei Fragen oder Bedenken bez\u00fcglich dieser Datenschutzerkl\u00e4rung k\u00f6nnen Sie sich per E-Mail an philipp.bruegger@codia.ch wenden.<\/p>\t\t\t\t\t\t\t\t<\/div>\n\t\t\t\t<\/div>\n\t\t\t\t\t<\/div>\n\t\t\t\t<\/div>\n\t\t\t\t<\/div>","protected":false},"excerpt":{"rendered":"<p>Privacy Policy Codia GmbH (hereinafter referred to as \u201cwe\u201d, \u201cus\u201d, or \u201cCodia\u201d) places great importance on the protection of your personal data. This privacy policy informs you about the type, scope, and purpose of the processing of personal data when using our photodb product and its associated websites, photodb.app and photo-db.ch (hereinafter referred to as [&hellip;]<\/p>\n","protected":false},"author":2,"featured_media":0,"parent":0,"menu_order":0,"comment_status":"closed","ping_status":"closed","template":"","meta":{"footnotes":""},"class_list":["post-298","page","type-page","status-publish","hentry"],"_links":{"self":[{"href":"https:\/\/photo-db.ch\/de\/wp-json\/wp\/v2\/pages\/298","targetHints":{"allow":["GET"]}}],"collection":[{"href":"https:\/\/photo-db.ch\/de\/wp-json\/wp\/v2\/pages"}],"about":[{"href":"https:\/\/photo-db.ch\/de\/wp-json\/wp\/v2\/types\/page"}],"author":[{"embeddable":true,"href":"https:\/\/photo-db.ch\/de\/wp-json\/wp\/v2\/users\/2"}],"replies":[{"embeddable":true,"href":"https:\/\/photo-db.ch\/de\/wp-json\/wp\/v2\/comments?post=298"}],"version-history":[{"count":23,"href":"https:\/\/photo-db.ch\/de\/wp-json\/wp\/v2\/pages\/298\/revisions"}],"predecessor-version":[{"id":528,"href":"https:\/\/photo-db.ch\/de\/wp-json\/wp\/v2\/pages\/298\/revisions\/528"}],"wp:attachment":[{"href":"https:\/\/photo-db.ch\/de\/wp-json\/wp\/v2\/media?parent=298"}],"curies":[{"name":"wp","href":"https:\/\/api.w.org\/{rel}","templated":true}]}}